{"id":118,"date":"2021-10-25T15:04:50","date_gmt":"2021-10-25T15:04:50","guid":{"rendered":"http:\/\/sembarrancabermeja.com\/?page_id=118"},"modified":"2021-10-25T15:04:50","modified_gmt":"2021-10-25T15:04:50","slug":"sistema-de-despacho-de-ambulancias","status":"publish","type":"page","link":"https:\/\/sembarrancabermeja.com\/?page_id=118","title":{"rendered":"SISTEMA DE DESPACHO DE AMBULANCIAS"},"content":{"rendered":"\n<p><meta charset=\"utf-8\"><strong>Plataforma Administrador web de Ambulancia<\/strong>.<\/p>\n\n\n\n<figure class=\"wp-block-image size-full\"><img loading=\"lazy\" decoding=\"async\" width=\"1024\" height=\"513\" src=\"http:\/\/sembarrancabermeja.com\/wp-content\/uploads\/2021\/10\/Captura-de-pantalla-2018-07-05-a-las-10.22.42-a.-m.-1024x513-1.png\" alt=\"\" class=\"wp-image-120\" srcset=\"https:\/\/sembarrancabermeja.com\/wp-content\/uploads\/2021\/10\/Captura-de-pantalla-2018-07-05-a-las-10.22.42-a.-m.-1024x513-1.png 1024w, https:\/\/sembarrancabermeja.com\/wp-content\/uploads\/2021\/10\/Captura-de-pantalla-2018-07-05-a-las-10.22.42-a.-m.-1024x513-1-300x150.png 300w, https:\/\/sembarrancabermeja.com\/wp-content\/uploads\/2021\/10\/Captura-de-pantalla-2018-07-05-a-las-10.22.42-a.-m.-1024x513-1-768x385.png 768w, https:\/\/sembarrancabermeja.com\/wp-content\/uploads\/2021\/10\/Captura-de-pantalla-2018-07-05-a-las-10.22.42-a.-m.-1024x513-1-594x298.png 594w\" sizes=\"auto, (max-width: 1024px) 100vw, 1024px\" \/><\/figure>\n\n\n\n<p>El CRUE estar\u00e1 encargado de coordinar y gestionar la respuesta en salud requerida. Ser\u00e1 indispensable que el paciente sea trasladado a la instituci\u00f3n apropiada y de manera oportuna seg\u00fan el direccionamiento del CRUE (teniendo en cuenta el tipo urgencia m\u00e9dica). El sistema de control operacional y gesti\u00f3n de servicios de ambulancia asignar\u00e1 un c\u00f3digo de registro al servicio para realizar la atenci\u00f3n (con n\u00famero de consecutivo), el cual ser\u00e1 despachado a trav\u00e9s de la app m\u00f3vil de asignaci\u00f3n de servicios de ambulancias, donde estas recibir\u00e1n instrucciones del lugar donde deben dirigirse a recoger al paciente, generar el triage pre-hospitalarios y luego trasladar al paciente donde le sea indicado a travez de la aplicaci\u00f3n, a su vez el sistema notifica a la IPS que ha sido seleccionada para atender al paciente. Las IPS receptoras del paciente deber\u00e1n garantizar la admisi\u00f3n en el menor tiempo posible conforme a la selecci\u00f3n y clasificaci\u00f3n de pacientes (Urgencias-triage). <\/p>\n\n\n\n<p>El sistema notificara de inmediato al EPS sobre la existencia de un paciente una vez sea confirmada la EPS del paciente por parte de la entidad receptora y una vez ingresado al paciente el sistema genera autom\u00e1ticamente un documento denominado cumplido donde se detallan hora de la llamada, hora de notificaci\u00f3n, hora de recogida del paciente, datos del paciente, ips asignada para ser trasladado, tiempo de recorrido, eps de paciente, aseguradora en caso de acidente, placa del veh\u00edculo, hora de llegada a la ips, medico que lo recibio, triage pre-hospitalario, triage hospitalario, impresi\u00f3n diagnostica, y dem\u00e1s datos relevante de la atenci\u00f3n del paciente. Este documento es almacenado y puede ser consultado y descargado por cualquiera de las entidades asociadas al sistema de emergencias.<\/p>\n\n\n\n<ul class=\"wp-block-list\"><li>Sistema de gesti\u00f3n y administraci\u00f3n de flota de ambulancias<\/li><\/ul>\n\n\n\n<ul class=\"wp-block-list\"><li>Sistema de seguimiento satelital de ambulancias<\/li><\/ul>\n\n\n\n<ul class=\"wp-block-list\"><li>Sistema de asignaci\u00f3n de ordenes servicios de traslado de paciente con c\u00f3digos CRUE. (permite Ubicarlas, identificarlas, asignarles un servicio, despacharlas, realizarles seguimiento y asignar c\u00f3digo de despacho crue al entregar el paciente).<\/li><\/ul>\n\n\n\n<ul class=\"wp-block-list\"><li>Sistema de control operacional y cumplimiento de servicios de traslado<\/li><\/ul>\n\n\n\n<ul class=\"wp-block-list\"><li>Sistema de generaci\u00f3n de alerta de incumplimiento a las instrucciones del SEM<\/li><\/ul>\n\n\n\n<ul class=\"wp-block-list\"><li>Sistema de consultas, estad\u00edsticas y reporte de operaci\u00f3n de ambulancia<\/li><\/ul>\n\n\n\n<ul class=\"wp-block-list\"><li>Realiza el seguimiento a la atenci\u00f3n prehospitalaria asegurando la trazabilidad del proceso desde la recepci\u00f3n de la llamada hasta la admisi\u00f3n del paciente en urgencias: Medici\u00f3n de tiempos, georreferenciaci\u00f3n y grabaci\u00f3n de recorridos, novedades en el recorrido.<\/li><\/ul>\n\n\n\n<ul class=\"wp-block-list\"><li>Monitorizaci\u00f3n de recorridos, velocidades (Km\/hora), cambios bruscos de velocidad (que pueden indicar choque o aver\u00eda mec\u00e1nica).<\/li><\/ul>\n\n\n\n<ul class=\"wp-block-list\"><li>Medici\u00f3n de tiempos de respuesta (hora de llegada al sitio de la emergencia, al centro asistencial, etc.).<\/li><\/ul>\n\n\n\n<ul class=\"wp-block-list\"><li>N\u00famero de ambulancias fuera de zona asignada\/IPS\/zona: Geocercas.<\/li><\/ul>\n\n\n\n<ul class=\"wp-block-list\"><li>Georeferenciar los sitios de ocurrencia de las emergencias y la generaci\u00f3n de solicitudes de despacho.<\/li><\/ul>\n\n\n\n<ul class=\"wp-block-list\"><li>Posibilidad de articular GPS ya instalados por empresas de ambulancias en sus veh\u00edculos.<\/li><\/ul>\n","protected":false},"excerpt":{"rendered":"<p>Plataforma Administrador web de Ambulancia. El CRUE estar\u00e1 encargado de coordinar y gestionar la respuesta en salud requerida. Ser\u00e1 indispensable que el paciente sea trasladado a la instituci\u00f3n apropiada y de manera oportuna seg\u00fan el direccionamiento del CRUE (teniendo en cuenta el tipo urgencia m\u00e9dica). El sistema de control operacional y gesti\u00f3n de servicios de [&hellip;]<\/p>\n","protected":false},"author":1,"featured_media":119,"parent":0,"menu_order":0,"comment_status":"closed","ping_status":"closed","template":"","meta":{"footnotes":""},"class_list":["post-118","page","type-page","status-publish","has-post-thumbnail","hentry","clearfix","post-index"],"aioseo_notices":[],"_links":{"self":[{"href":"https:\/\/sembarrancabermeja.com\/index.php?rest_route=\/wp\/v2\/pages\/118","targetHints":{"allow":["GET"]}}],"collection":[{"href":"https:\/\/sembarrancabermeja.com\/index.php?rest_route=\/wp\/v2\/pages"}],"about":[{"href":"https:\/\/sembarrancabermeja.com\/index.php?rest_route=\/wp\/v2\/types\/page"}],"author":[{"embeddable":true,"href":"https:\/\/sembarrancabermeja.com\/index.php?rest_route=\/wp\/v2\/users\/1"}],"replies":[{"embeddable":true,"href":"https:\/\/sembarrancabermeja.com\/index.php?rest_route=%2Fwp%2Fv2%2Fcomments&post=118"}],"version-history":[{"count":1,"href":"https:\/\/sembarrancabermeja.com\/index.php?rest_route=\/wp\/v2\/pages\/118\/revisions"}],"predecessor-version":[{"id":121,"href":"https:\/\/sembarrancabermeja.com\/index.php?rest_route=\/wp\/v2\/pages\/118\/revisions\/121"}],"wp:featuredmedia":[{"embeddable":true,"href":"https:\/\/sembarrancabermeja.com\/index.php?rest_route=\/wp\/v2\/media\/119"}],"wp:attachment":[{"href":"https:\/\/sembarrancabermeja.com\/index.php?rest_route=%2Fwp%2Fv2%2Fmedia&parent=118"}],"curies":[{"name":"wp","href":"https:\/\/api.w.org\/{rel}","templated":true}]}}