{"id":141,"date":"2021-10-25T16:00:38","date_gmt":"2021-10-25T16:00:38","guid":{"rendered":"http:\/\/sembarrancabermeja.com\/?page_id=141"},"modified":"2021-10-25T16:15:35","modified_gmt":"2021-10-25T16:15:35","slug":"app-de-ambulancias","status":"publish","type":"page","link":"https:\/\/sembarrancabermeja.com\/?page_id=141","title":{"rendered":"APP DE AMBULANCIAS"},"content":{"rendered":"\n<p><strong>App m\u00f3vil para Android y iOS<\/strong><\/p>\n\n\n\n<figure class=\"wp-block-image size-large\"><img loading=\"lazy\" decoding=\"async\" width=\"1024\" height=\"676\" src=\"http:\/\/sembarrancabermeja.com\/wp-content\/uploads\/2021\/10\/Imagen-1-1024x676.png\" alt=\"\" class=\"wp-image-145\" srcset=\"https:\/\/sembarrancabermeja.com\/wp-content\/uploads\/2021\/10\/Imagen-1-1024x676.png 1024w, https:\/\/sembarrancabermeja.com\/wp-content\/uploads\/2021\/10\/Imagen-1-300x198.png 300w, https:\/\/sembarrancabermeja.com\/wp-content\/uploads\/2021\/10\/Imagen-1-768x507.png 768w, https:\/\/sembarrancabermeja.com\/wp-content\/uploads\/2021\/10\/Imagen-1-1536x1014.png 1536w, https:\/\/sembarrancabermeja.com\/wp-content\/uploads\/2021\/10\/Imagen-1-1200x792.png 1200w, https:\/\/sembarrancabermeja.com\/wp-content\/uploads\/2021\/10\/Imagen-1-630x415.png 630w, https:\/\/sembarrancabermeja.com\/wp-content\/uploads\/2021\/10\/Imagen-1-594x392.png 594w, https:\/\/sembarrancabermeja.com\/wp-content\/uploads\/2021\/10\/Imagen-1.png 1858w\" sizes=\"auto, (max-width: 1024px) 100vw, 1024px\" \/><\/figure>\n\n\n\n<ul class=\"wp-block-list\"><li>Permite recibir las notificaciones de ordenes de servicios de traslado asistencial de pacientes.<\/li><li>Permite el ingreso de la informaci\u00f3n del paciente atendido<\/li><li>Permite la elaboraci\u00f3n de triage prehospitalario<\/li><li>El sistema cuenta con un TRIAGE pre hospitalario en la app de ambulancias con algoritmos que permite clasificar al paciente y definir el nivel de complejidad que requiere su atenci\u00f3n, a su vez determina la IPS mas cercana con el nivel necesario que pueda atender al paciente.<\/li><li>Permite la comunicaci\u00f3n virtual y de notificaciones entre la tripulaci\u00f3n de las ambulancia, el Despachador de Emergencias M\u00e9dicas DEM del CRUE y las IPS integradas al sistema de emergencias medicas del departamento o municipio.<\/li><li>Genera la notificaci\u00f3n autom\u00e1tica del arribo de las ambulancias a las instituciones hospitalarias asignadas para el traslado del paciente (Ubicaci\u00f3n georeferenciada, fecha y hora).<\/li><li>Permite notificar al CRUE situaciones de peligro: Orden p\u00fablico, materiales peligrosos.<\/li><li>Notificar al CRUE situaciones de v\u00edctimas masivas para las cuales se requiera apoyo (despachar m\u00e1s recursos).<\/li><li>Tener integrada la historia cl\u00ednica prehospitalaria que incluir\u00e1: Triage, valoraci\u00f3n e impresi\u00f3n diagn\u00f3stica seg\u00fan c\u00f3digos CIE 10, formato de consentimiento, formato de disentimiento informado.<\/li><li>Emisi\u00f3n de alertas de peligro desde los veh\u00edculos ambulancias hacia a la central de despacho, en caso de situaciones que comprometan la seguridad: \u201cbot\u00f3n de p\u00e1nico\u201d<\/li><\/ul>\n","protected":false},"excerpt":{"rendered":"<p>App m\u00f3vil para Android y iOS Permite recibir las notificaciones de ordenes de servicios de traslado asistencial de pacientes. Permite el ingreso de la informaci\u00f3n del paciente atendido Permite la elaboraci\u00f3n de triage prehospitalario El sistema cuenta con un TRIAGE pre hospitalario en la app de ambulancias con algoritmos que permite clasificar al paciente y [&hellip;]<\/p>\n","protected":false},"author":1,"featured_media":119,"parent":0,"menu_order":0,"comment_status":"closed","ping_status":"closed","template":"","meta":{"footnotes":""},"class_list":["post-141","page","type-page","status-publish","has-post-thumbnail","hentry","clearfix","post-index"],"aioseo_notices":[],"_links":{"self":[{"href":"https:\/\/sembarrancabermeja.com\/index.php?rest_route=\/wp\/v2\/pages\/141","targetHints":{"allow":["GET"]}}],"collection":[{"href":"https:\/\/sembarrancabermeja.com\/index.php?rest_route=\/wp\/v2\/pages"}],"about":[{"href":"https:\/\/sembarrancabermeja.com\/index.php?rest_route=\/wp\/v2\/types\/page"}],"author":[{"embeddable":true,"href":"https:\/\/sembarrancabermeja.com\/index.php?rest_route=\/wp\/v2\/users\/1"}],"replies":[{"embeddable":true,"href":"https:\/\/sembarrancabermeja.com\/index.php?rest_route=%2Fwp%2Fv2%2Fcomments&post=141"}],"version-history":[{"count":3,"href":"https:\/\/sembarrancabermeja.com\/index.php?rest_route=\/wp\/v2\/pages\/141\/revisions"}],"predecessor-version":[{"id":148,"href":"https:\/\/sembarrancabermeja.com\/index.php?rest_route=\/wp\/v2\/pages\/141\/revisions\/148"}],"wp:featuredmedia":[{"embeddable":true,"href":"https:\/\/sembarrancabermeja.com\/index.php?rest_route=\/wp\/v2\/media\/119"}],"wp:attachment":[{"href":"https:\/\/sembarrancabermeja.com\/index.php?rest_route=%2Fwp%2Fv2%2Fmedia&parent=141"}],"curies":[{"name":"wp","href":"https:\/\/api.w.org\/{rel}","templated":true}]}}