{"id":149,"date":"2021-10-25T16:20:01","date_gmt":"2021-10-25T16:20:01","guid":{"rendered":"http:\/\/sembarrancabermeja.com\/?page_id=149"},"modified":"2021-10-25T16:20:02","modified_gmt":"2021-10-25T16:20:02","slug":"sistema-de-reporte-de-recursos-clinicos","status":"publish","type":"page","link":"https:\/\/sembarrancabermeja.com\/?page_id=149","title":{"rendered":"SISTEMA DE REPORTE DE RECURSOS CL\u00cdNICOS"},"content":{"rendered":"\n<p>Este sistema permite el ingreso de informaciones en l\u00ednea por parte de las IPS sobre los recursos hospitalarios disponibles (ubicaci\u00f3n, servicios habilitados<\/p>\n\n\n\n<p>disponibles, capacidad instalada, nivel de ocupaci\u00f3n de camas, horarios de<br>atenci\u00f3n, nivel de complejidad, recursos hospitalarios, sangre, sueros antiof\u00eddicos, etc. ), permitiendo al CRUE contar con un consolidado inventario en tiempo real de los recursos hospitalarios del municipio, o departamento, lo que permite estar preparados para la atenci\u00f3n de urgencias m\u00e9dicas.<\/p>\n\n\n\n<ul class=\"wp-block-list\"><li>Notificaciones de urgencias<\/li><li>Los reportes de control de camas y recursos cl\u00ednicos<\/li><li>Recepci\u00f3n y reportes de notificaciones obligatoria a la secretaria de salud<\/li><\/ul>\n","protected":false},"excerpt":{"rendered":"<p>Este sistema permite el ingreso de informaciones en l\u00ednea por parte de las IPS sobre los recursos hospitalarios disponibles (ubicaci\u00f3n, servicios habilitados disponibles, capacidad instalada, nivel de ocupaci\u00f3n de camas, horarios deatenci\u00f3n, nivel de complejidad, recursos hospitalarios, sangre, sueros antiof\u00eddicos, etc. ), permitiendo al CRUE contar con un consolidado inventario en tiempo real de los [&hellip;]<\/p>\n","protected":false},"author":1,"featured_media":150,"parent":0,"menu_order":0,"comment_status":"closed","ping_status":"closed","template":"","meta":{"footnotes":""},"class_list":["post-149","page","type-page","status-publish","has-post-thumbnail","hentry","clearfix","post-index"],"aioseo_notices":[],"_links":{"self":[{"href":"https:\/\/sembarrancabermeja.com\/index.php?rest_route=\/wp\/v2\/pages\/149","targetHints":{"allow":["GET"]}}],"collection":[{"href":"https:\/\/sembarrancabermeja.com\/index.php?rest_route=\/wp\/v2\/pages"}],"about":[{"href":"https:\/\/sembarrancabermeja.com\/index.php?rest_route=\/wp\/v2\/types\/page"}],"author":[{"embeddable":true,"href":"https:\/\/sembarrancabermeja.com\/index.php?rest_route=\/wp\/v2\/users\/1"}],"replies":[{"embeddable":true,"href":"https:\/\/sembarrancabermeja.com\/index.php?rest_route=%2Fwp%2Fv2%2Fcomments&post=149"}],"version-history":[{"count":1,"href":"https:\/\/sembarrancabermeja.com\/index.php?rest_route=\/wp\/v2\/pages\/149\/revisions"}],"predecessor-version":[{"id":151,"href":"https:\/\/sembarrancabermeja.com\/index.php?rest_route=\/wp\/v2\/pages\/149\/revisions\/151"}],"wp:featuredmedia":[{"embeddable":true,"href":"https:\/\/sembarrancabermeja.com\/index.php?rest_route=\/wp\/v2\/media\/150"}],"wp:attachment":[{"href":"https:\/\/sembarrancabermeja.com\/index.php?rest_route=%2Fwp%2Fv2%2Fmedia&parent=149"}],"curies":[{"name":"wp","href":"https:\/\/api.w.org\/{rel}","templated":true}]}}