{"id":154,"date":"2021-10-25T16:38:01","date_gmt":"2021-10-25T16:38:01","guid":{"rendered":"http:\/\/sembarrancabermeja.com\/?page_id=154"},"modified":"2021-10-25T16:38:11","modified_gmt":"2021-10-25T16:38:11","slug":"sistema-de-referencia-y-contrareferencia","status":"publish","type":"page","link":"https:\/\/sembarrancabermeja.com\/?page_id=154","title":{"rendered":"SISTEMA DE REFERENCIA Y CONTRAREFERENCIA"},"content":{"rendered":"\n<p>Este sistema que permite el reporte para la referencia y contrarreferencia de pacientes que acceden al sistema de urgencias del municipio. As\u00ed mismo, permite la asignaci\u00f3n de citas prioritarias, citas con especialista y asignaci\u00f3n de cita para ex\u00e1menes de diagn\u00f3stico seg\u00fan el triage realizado por el personal de atenci\u00f3n en salud de la IPS.<\/p>\n","protected":false},"excerpt":{"rendered":"<p>Este sistema que permite el reporte para la referencia y contrarreferencia de pacientes que acceden al sistema de urgencias del municipio. As\u00ed mismo, permite la asignaci\u00f3n de citas prioritarias, citas con especialista y asignaci\u00f3n de cita para ex\u00e1menes de diagn\u00f3stico seg\u00fan el triage realizado por el personal de atenci\u00f3n en salud de la IPS.<\/p>\n","protected":false},"author":1,"featured_media":155,"parent":0,"menu_order":0,"comment_status":"closed","ping_status":"closed","template":"","meta":{"footnotes":""},"class_list":["post-154","page","type-page","status-publish","has-post-thumbnail","hentry","clearfix","post-index"],"aioseo_notices":[],"_links":{"self":[{"href":"https:\/\/sembarrancabermeja.com\/index.php?rest_route=\/wp\/v2\/pages\/154","targetHints":{"allow":["GET"]}}],"collection":[{"href":"https:\/\/sembarrancabermeja.com\/index.php?rest_route=\/wp\/v2\/pages"}],"about":[{"href":"https:\/\/sembarrancabermeja.com\/index.php?rest_route=\/wp\/v2\/types\/page"}],"author":[{"embeddable":true,"href":"https:\/\/sembarrancabermeja.com\/index.php?rest_route=\/wp\/v2\/users\/1"}],"replies":[{"embeddable":true,"href":"https:\/\/sembarrancabermeja.com\/index.php?rest_route=%2Fwp%2Fv2%2Fcomments&post=154"}],"version-history":[{"count":1,"href":"https:\/\/sembarrancabermeja.com\/index.php?rest_route=\/wp\/v2\/pages\/154\/revisions"}],"predecessor-version":[{"id":156,"href":"https:\/\/sembarrancabermeja.com\/index.php?rest_route=\/wp\/v2\/pages\/154\/revisions\/156"}],"wp:featuredmedia":[{"embeddable":true,"href":"https:\/\/sembarrancabermeja.com\/index.php?rest_route=\/wp\/v2\/media\/155"}],"wp:attachment":[{"href":"https:\/\/sembarrancabermeja.com\/index.php?rest_route=%2Fwp%2Fv2%2Fmedia&parent=154"}],"curies":[{"name":"wp","href":"https:\/\/api.w.org\/{rel}","templated":true}]}}