{"id":195,"date":"2021-10-29T21:06:02","date_gmt":"2021-10-29T21:06:02","guid":{"rendered":"http:\/\/sembarrancabermeja.com\/?page_id=195"},"modified":"2021-10-29T21:14:58","modified_gmt":"2021-10-29T21:14:58","slug":"sistemas-de-recepcion-de-llamadas-y-gestion-de-casos-aph","status":"publish","type":"page","link":"https:\/\/sembarrancabermeja.com\/?page_id=195","title":{"rendered":"SISTEMAS DE RECEPCI\u00d3N DE LLAMADAS Y GESTI\u00d3N DE CASOS APH"},"content":{"rendered":"\n<p>Sistema de recepci\u00f3n de notificaciones en l\u00ednea y gesti\u00f3n oportuna de casos APH.<\/p>\n\n\n\n<p>A trav\u00e9s de informaci\u00f3n suministrada por diversos canales como el 123 de la polic\u00eda, bomberos o llamadas al CRUE, de recepcionan los casos en la plataforma para la gesti\u00f3n de los casos APH. El sistema recibe los casos y genera alerta autom\u00e1tica que permite la atenci\u00f3n inmediata por parte del personal CRUE. Este proceso se articula con el sistema de despacho de ambulancias.<\/p>\n\n\n\n<figure class=\"wp-block-image size-full\"><img loading=\"lazy\" decoding=\"async\" width=\"904\" height=\"458\" src=\"http:\/\/sembarrancabermeja.com\/wp-content\/uploads\/2021\/10\/Imagen-1-2.png\" alt=\"\" class=\"wp-image-197\" srcset=\"https:\/\/sembarrancabermeja.com\/wp-content\/uploads\/2021\/10\/Imagen-1-2.png 904w, https:\/\/sembarrancabermeja.com\/wp-content\/uploads\/2021\/10\/Imagen-1-2-300x152.png 300w, https:\/\/sembarrancabermeja.com\/wp-content\/uploads\/2021\/10\/Imagen-1-2-768x389.png 768w, https:\/\/sembarrancabermeja.com\/wp-content\/uploads\/2021\/10\/Imagen-1-2-594x301.png 594w\" sizes=\"auto, (max-width: 904px) 100vw, 904px\" \/><\/figure>\n","protected":false},"excerpt":{"rendered":"<p>Sistema de recepci\u00f3n de notificaciones en l\u00ednea y gesti\u00f3n oportuna de casos APH. A trav\u00e9s de informaci\u00f3n suministrada por diversos canales como el 123 de la polic\u00eda, bomberos o llamadas al CRUE, de recepcionan los casos en la plataforma para la gesti\u00f3n de los casos APH. El sistema recibe los casos y genera alerta autom\u00e1tica [&hellip;]<\/p>\n","protected":false},"author":1,"featured_media":199,"parent":0,"menu_order":0,"comment_status":"closed","ping_status":"closed","template":"","meta":{"footnotes":""},"class_list":["post-195","page","type-page","status-publish","has-post-thumbnail","hentry","clearfix","post-index"],"aioseo_notices":[],"_links":{"self":[{"href":"https:\/\/sembarrancabermeja.com\/index.php?rest_route=\/wp\/v2\/pages\/195","targetHints":{"allow":["GET"]}}],"collection":[{"href":"https:\/\/sembarrancabermeja.com\/index.php?rest_route=\/wp\/v2\/pages"}],"about":[{"href":"https:\/\/sembarrancabermeja.com\/index.php?rest_route=\/wp\/v2\/types\/page"}],"author":[{"embeddable":true,"href":"https:\/\/sembarrancabermeja.com\/index.php?rest_route=\/wp\/v2\/users\/1"}],"replies":[{"embeddable":true,"href":"https:\/\/sembarrancabermeja.com\/index.php?rest_route=%2Fwp%2Fv2%2Fcomments&post=195"}],"version-history":[{"count":1,"href":"https:\/\/sembarrancabermeja.com\/index.php?rest_route=\/wp\/v2\/pages\/195\/revisions"}],"predecessor-version":[{"id":198,"href":"https:\/\/sembarrancabermeja.com\/index.php?rest_route=\/wp\/v2\/pages\/195\/revisions\/198"}],"wp:featuredmedia":[{"embeddable":true,"href":"https:\/\/sembarrancabermeja.com\/index.php?rest_route=\/wp\/v2\/media\/199"}],"wp:attachment":[{"href":"https:\/\/sembarrancabermeja.com\/index.php?rest_route=%2Fwp%2Fv2%2Fmedia&parent=195"}],"curies":[{"name":"wp","href":"https:\/\/api.w.org\/{rel}","templated":true}]}}