{"id":201,"date":"2021-10-29T21:31:40","date_gmt":"2021-10-29T21:31:40","guid":{"rendered":"http:\/\/sembarrancabermeja.com\/?page_id=201"},"modified":"2021-10-29T21:31:56","modified_gmt":"2021-10-29T21:31:56","slug":"sistema-de-gestion-de-reportes-y-consultas","status":"publish","type":"page","link":"https:\/\/sembarrancabermeja.com\/?page_id=201","title":{"rendered":"SISTEMA DE GESTI\u00d3N DE REPORTES Y CONSULTAS"},"content":{"rendered":"\n<p><em>La generaci\u00f3n de reportes es muy amplia y permite la gesti\u00f3n de la informaci\u00f3n.<\/em><\/p>\n\n\n\n<p>Las diferentes opciones de filtros permiten la generaci\u00f3n de la informaci\u00f3n necesaria para diferentes finalidades, es as\u00ed que a partir de m\u00faltiples par\u00e1metros se construye el reporte de la informaci\u00f3n requerida que puede ser exportada a un archivo Excel para su manejo.<\/p>\n\n\n\n<figure class=\"wp-block-image size-full\"><img loading=\"lazy\" decoding=\"async\" width=\"920\" height=\"456\" src=\"http:\/\/sembarrancabermeja.com\/wp-content\/uploads\/2021\/10\/Imagen-2.png\" alt=\"\" class=\"wp-image-202\" srcset=\"https:\/\/sembarrancabermeja.com\/wp-content\/uploads\/2021\/10\/Imagen-2.png 920w, https:\/\/sembarrancabermeja.com\/wp-content\/uploads\/2021\/10\/Imagen-2-300x149.png 300w, https:\/\/sembarrancabermeja.com\/wp-content\/uploads\/2021\/10\/Imagen-2-768x381.png 768w, https:\/\/sembarrancabermeja.com\/wp-content\/uploads\/2021\/10\/Imagen-2-594x294.png 594w\" sizes=\"auto, (max-width: 920px) 100vw, 920px\" \/><\/figure>\n","protected":false},"excerpt":{"rendered":"<p>La generaci\u00f3n de reportes es muy amplia y permite la gesti\u00f3n de la informaci\u00f3n. Las diferentes opciones de filtros permiten la generaci\u00f3n de la informaci\u00f3n necesaria para diferentes finalidades, es as\u00ed que a partir de m\u00faltiples par\u00e1metros se construye el reporte de la informaci\u00f3n requerida que puede ser exportada a un archivo Excel para su [&hellip;]<\/p>\n","protected":false},"author":1,"featured_media":203,"parent":0,"menu_order":0,"comment_status":"closed","ping_status":"closed","template":"","meta":{"footnotes":""},"class_list":["post-201","page","type-page","status-publish","has-post-thumbnail","hentry","clearfix","post-index"],"aioseo_notices":[],"_links":{"self":[{"href":"https:\/\/sembarrancabermeja.com\/index.php?rest_route=\/wp\/v2\/pages\/201","targetHints":{"allow":["GET"]}}],"collection":[{"href":"https:\/\/sembarrancabermeja.com\/index.php?rest_route=\/wp\/v2\/pages"}],"about":[{"href":"https:\/\/sembarrancabermeja.com\/index.php?rest_route=\/wp\/v2\/types\/page"}],"author":[{"embeddable":true,"href":"https:\/\/sembarrancabermeja.com\/index.php?rest_route=\/wp\/v2\/users\/1"}],"replies":[{"embeddable":true,"href":"https:\/\/sembarrancabermeja.com\/index.php?rest_route=%2Fwp%2Fv2%2Fcomments&post=201"}],"version-history":[{"count":1,"href":"https:\/\/sembarrancabermeja.com\/index.php?rest_route=\/wp\/v2\/pages\/201\/revisions"}],"predecessor-version":[{"id":204,"href":"https:\/\/sembarrancabermeja.com\/index.php?rest_route=\/wp\/v2\/pages\/201\/revisions\/204"}],"wp:featuredmedia":[{"embeddable":true,"href":"https:\/\/sembarrancabermeja.com\/index.php?rest_route=\/wp\/v2\/media\/203"}],"wp:attachment":[{"href":"https:\/\/sembarrancabermeja.com\/index.php?rest_route=%2Fwp%2Fv2%2Fmedia&parent=201"}],"curies":[{"name":"wp","href":"https:\/\/api.w.org\/{rel}","templated":true}]}}