{"id":206,"date":"2021-10-29T21:44:06","date_gmt":"2021-10-29T21:44:06","guid":{"rendered":"http:\/\/sembarrancabermeja.com\/?page_id=206"},"modified":"2021-10-29T21:44:06","modified_gmt":"2021-10-29T21:44:06","slug":"sistema-de-autorizacion-de-servicios","status":"publish","type":"page","link":"https:\/\/sembarrancabermeja.com\/?page_id=206","title":{"rendered":"SISTEMA DE AUTORIZACI\u00d3N DE SERVICIOS"},"content":{"rendered":"\n<p>La plataforma SEM permite la solicitud por parte de la IPS de los servicios que requiere un paciente en la atenci\u00f3n; de igual manera soporta la verificaci\u00f3n de informaci\u00f3n, auditor\u00eda y tr\u00e1mite de la autorizaci\u00f3n de los servicios para los eventos en donde la Secretar\u00eda de Salud sea la responsable de pago.<\/p>\n","protected":false},"excerpt":{"rendered":"<p>La plataforma SEM permite la solicitud por parte de la IPS de los servicios que requiere un paciente en la atenci\u00f3n; de igual manera soporta la verificaci\u00f3n de informaci\u00f3n, auditor\u00eda y tr\u00e1mite de la autorizaci\u00f3n de los servicios para los eventos en donde la Secretar\u00eda de Salud sea la responsable de pago.<\/p>\n","protected":false},"author":1,"featured_media":207,"parent":0,"menu_order":0,"comment_status":"closed","ping_status":"closed","template":"","meta":{"footnotes":""},"class_list":["post-206","page","type-page","status-publish","has-post-thumbnail","hentry","clearfix","post-index"],"aioseo_notices":[],"_links":{"self":[{"href":"https:\/\/sembarrancabermeja.com\/index.php?rest_route=\/wp\/v2\/pages\/206","targetHints":{"allow":["GET"]}}],"collection":[{"href":"https:\/\/sembarrancabermeja.com\/index.php?rest_route=\/wp\/v2\/pages"}],"about":[{"href":"https:\/\/sembarrancabermeja.com\/index.php?rest_route=\/wp\/v2\/types\/page"}],"author":[{"embeddable":true,"href":"https:\/\/sembarrancabermeja.com\/index.php?rest_route=\/wp\/v2\/users\/1"}],"replies":[{"embeddable":true,"href":"https:\/\/sembarrancabermeja.com\/index.php?rest_route=%2Fwp%2Fv2%2Fcomments&post=206"}],"version-history":[{"count":1,"href":"https:\/\/sembarrancabermeja.com\/index.php?rest_route=\/wp\/v2\/pages\/206\/revisions"}],"predecessor-version":[{"id":208,"href":"https:\/\/sembarrancabermeja.com\/index.php?rest_route=\/wp\/v2\/pages\/206\/revisions\/208"}],"wp:featuredmedia":[{"embeddable":true,"href":"https:\/\/sembarrancabermeja.com\/index.php?rest_route=\/wp\/v2\/media\/207"}],"wp:attachment":[{"href":"https:\/\/sembarrancabermeja.com\/index.php?rest_route=%2Fwp%2Fv2%2Fmedia&parent=206"}],"curies":[{"name":"wp","href":"https:\/\/api.w.org\/{rel}","templated":true}]}}